{"id":657,"date":"2015-06-23T12:08:34","date_gmt":"2015-06-23T12:08:34","guid":{"rendered":"http:\/\/demo1.wprentals.org\/?page_id=657"},"modified":"2023-11-07T02:46:14","modified_gmt":"2023-11-07T02:46:14","slug":"cuba-luxury-rentals","status":"publish","type":"page","link":"https:\/\/diamondcuba.com\/de-de\/kuba-luxus-vermietung\/","title":{"rendered":"Kuba Luxus-Vermietung"},"content":{"rendered":"","protected":false},"excerpt":{"rendered":"","protected":false},"author":1,"featured_media":37764,"parent":0,"menu_order":0,"comment_status":"closed","ping_status":"open","template":"property_list_half.php","meta":{"_joinchat":[],"footnotes":""},"class_list":["post-657","page","type-page","status-publish","has-post-thumbnail","hentry"],"yoast_head":"<!-- This site is optimized with the Yoast SEO Premium plugin v21.4 (Yoast SEO v27.3) - https:\/\/yoast.com\/product\/yoast-seo-premium-wordpress\/ -->\n<title>Cuba Luxury Rentals | Exceptional Accommodation Experiences<\/title>\n<meta name=\"description\" content=\"Find elegant properties, exclusive amenities, and an unforgettable stay. Book your dream getaway in Cuba today!\" \/>\n<meta name=\"robots\" content=\"index, follow, max-snippet:-1, max-image-preview:large, max-video-preview:-1\" \/>\n<link rel=\"canonical\" href=\"https:\/\/diamondcuba.com\/de-de\/kuba-luxus-vermietung\/\" \/>\n<meta property=\"og:locale\" content=\"de_DE\" \/>\n<meta property=\"og:type\" content=\"article\" \/>\n<meta property=\"og:title\" content=\"Cuba Luxury Rentals\" \/>\n<meta property=\"og:description\" content=\"Find elegant properties, exclusive amenities, and an unforgettable stay. Book your dream getaway in Cuba today!\" \/>\n<meta property=\"og:url\" content=\"https:\/\/diamondcuba.com\/de-de\/kuba-luxus-vermietung\/\" \/>\n<meta property=\"og:site_name\" content=\"Diamond Cuba\" \/>\n<meta property=\"article:modified_time\" content=\"2023-11-07T02:46:14+00:00\" \/>\n<meta property=\"og:image\" content=\"https:\/\/diamondcuba.com\/wp-content\/uploads\/2023\/11\/4-2.jpg\" \/>\n\t<meta property=\"og:image:width\" content=\"1920\" \/>\n\t<meta property=\"og:image:height\" content=\"650\" \/>\n\t<meta property=\"og:image:type\" content=\"image\/jpeg\" \/>\n<meta name=\"twitter:card\" content=\"summary_large_image\" \/>\n<script type=\"application\/ld+json\" class=\"yoast-schema-graph\">{\"@context\":\"https:\\\/\\\/schema.org\",\"@graph\":[{\"@type\":\"WebPage\",\"@id\":\"https:\\\/\\\/diamondcuba.com\\\/cuba-luxury-rentals\\\/\",\"url\":\"https:\\\/\\\/diamondcuba.com\\\/cuba-luxury-rentals\\\/\",\"name\":\"Cuba Luxury Rentals | Exceptional Accommodation Experiences\",\"isPartOf\":{\"@id\":\"https:\\\/\\\/diamondcuba.com\\\/en-us\\\/#website\"},\"primaryImageOfPage\":{\"@id\":\"https:\\\/\\\/diamondcuba.com\\\/cuba-luxury-rentals\\\/#primaryimage\"},\"image\":{\"@id\":\"https:\\\/\\\/diamondcuba.com\\\/cuba-luxury-rentals\\\/#primaryimage\"},\"thumbnailUrl\":\"https:\\\/\\\/diamondcuba.com\\\/wp-content\\\/uploads\\\/2023\\\/11\\\/4-2.jpg\",\"datePublished\":\"2015-06-23T12:08:34+00:00\",\"dateModified\":\"2023-11-07T02:46:14+00:00\",\"description\":\"Find elegant properties, exclusive amenities, and an unforgettable stay. Book your dream getaway in Cuba today!\",\"breadcrumb\":{\"@id\":\"https:\\\/\\\/diamondcuba.com\\\/cuba-luxury-rentals\\\/#breadcrumb\"},\"inLanguage\":\"de-DE\",\"potentialAction\":[{\"@type\":\"ReadAction\",\"target\":[\"https:\\\/\\\/diamondcuba.com\\\/cuba-luxury-rentals\\\/\"]}]},{\"@type\":\"ImageObject\",\"inLanguage\":\"de-DE\",\"@id\":\"https:\\\/\\\/diamondcuba.com\\\/cuba-luxury-rentals\\\/#primaryimage\",\"url\":\"https:\\\/\\\/diamondcuba.com\\\/wp-content\\\/uploads\\\/2023\\\/11\\\/4-2.jpg\",\"contentUrl\":\"https:\\\/\\\/diamondcuba.com\\\/wp-content\\\/uploads\\\/2023\\\/11\\\/4-2.jpg\",\"width\":1920,\"height\":650,\"caption\":\"services cuba\"},{\"@type\":\"BreadcrumbList\",\"@id\":\"https:\\\/\\\/diamondcuba.com\\\/cuba-luxury-rentals\\\/#breadcrumb\",\"itemListElement\":[{\"@type\":\"ListItem\",\"position\":1,\"name\":\"Home\",\"item\":\"https:\\\/\\\/diamondcuba.com\\\/\"},{\"@type\":\"ListItem\",\"position\":2,\"name\":\"Cuba Luxury Rentals\"}]},{\"@type\":\"WebSite\",\"@id\":\"https:\\\/\\\/diamondcuba.com\\\/en-us\\\/#website\",\"url\":\"https:\\\/\\\/diamondcuba.com\\\/en-us\\\/\",\"name\":\"Diamond Cuba\",\"description\":\"Luxury Accommodation in Cuba and Villa Rentals\",\"publisher\":{\"@id\":\"https:\\\/\\\/diamondcuba.com\\\/en-us\\\/#organization\"},\"alternateName\":\"Best Luxury Villa Rentals in Cuba\",\"potentialAction\":[{\"@type\":\"SearchAction\",\"target\":{\"@type\":\"EntryPoint\",\"urlTemplate\":\"https:\\\/\\\/diamondcuba.com\\\/en-us\\\/?s={search_term_string}\"},\"query-input\":{\"@type\":\"PropertyValueSpecification\",\"valueRequired\":true,\"valueName\":\"search_term_string\"}}],\"inLanguage\":\"de-DE\"},{\"@type\":\"Organization\",\"@id\":\"https:\\\/\\\/diamondcuba.com\\\/en-us\\\/#organization\",\"name\":\"Diamond Cuba Luxury Villas in Cuba\",\"alternateName\":\"Diamond Cuba Luxury Vacation House Rentals in Cuba\",\"url\":\"https:\\\/\\\/diamondcuba.com\\\/en-us\\\/\",\"logo\":{\"@type\":\"ImageObject\",\"inLanguage\":\"de-DE\",\"@id\":\"https:\\\/\\\/diamondcuba.com\\\/en-us\\\/#\\\/schema\\\/logo\\\/image\\\/\",\"url\":\"https:\\\/\\\/diamondcuba.com\\\/wp-content\\\/uploads\\\/2023\\\/11\\\/diamond-cuba-logo-300x69-1-mobile.png\",\"contentUrl\":\"https:\\\/\\\/diamondcuba.com\\\/wp-content\\\/uploads\\\/2023\\\/11\\\/diamond-cuba-logo-300x69-1-mobile.png\",\"width\":180,\"height\":41,\"caption\":\"Diamond Cuba Luxury Villas in Cuba\"},\"image\":{\"@id\":\"https:\\\/\\\/diamondcuba.com\\\/en-us\\\/#\\\/schema\\\/logo\\\/image\\\/\"}}]}<\/script>\n<!-- \/ Yoast SEO Premium plugin. -->","yoast_head_json":{"title":"Cuba Luxury Rentals | Au\u00dfergew\u00f6hnliche Unterkunftserlebnisse","description":"Finden Sie elegante Unterk\u00fcnfte, exklusive Annehmlichkeiten und einen unvergesslichen Aufenthalt. Buchen Sie noch heute Ihren Traumurlaub in Kuba!","robots":{"index":"index","follow":"follow","max-snippet":"max-snippet:-1","max-image-preview":"max-image-preview:large","max-video-preview":"max-video-preview:-1"},"canonical":"https:\/\/diamondcuba.com\/de-de\/kuba-luxus-vermietung\/","og_locale":"de_DE","og_type":"article","og_title":"Cuba Luxury Rentals","og_description":"Find elegant properties, exclusive amenities, and an unforgettable stay. Book your dream getaway in Cuba today!","og_url":"https:\/\/diamondcuba.com\/de-de\/kuba-luxus-vermietung\/","og_site_name":"Diamond Cuba","article_modified_time":"2023-11-07T02:46:14+00:00","og_image":[{"width":1920,"height":650,"url":"https:\/\/diamondcuba.com\/wp-content\/uploads\/2023\/11\/4-2.jpg","type":"image\/jpeg"}],"twitter_card":"summary_large_image","schema":{"@context":"https:\/\/schema.org","@graph":[{"@type":"WebPage","@id":"https:\/\/diamondcuba.com\/cuba-luxury-rentals\/","url":"https:\/\/diamondcuba.com\/cuba-luxury-rentals\/","name":"Cuba Luxury Rentals | Au\u00dfergew\u00f6hnliche Unterkunftserlebnisse","isPartOf":{"@id":"https:\/\/diamondcuba.com\/en-us\/#website"},"primaryImageOfPage":{"@id":"https:\/\/diamondcuba.com\/cuba-luxury-rentals\/#primaryimage"},"image":{"@id":"https:\/\/diamondcuba.com\/cuba-luxury-rentals\/#primaryimage"},"thumbnailUrl":"https:\/\/diamondcuba.com\/wp-content\/uploads\/2023\/11\/4-2.jpg","datePublished":"2015-06-23T12:08:34+00:00","dateModified":"2023-11-07T02:46:14+00:00","description":"Finden Sie elegante Unterk\u00fcnfte, exklusive Annehmlichkeiten und einen unvergesslichen Aufenthalt. Buchen Sie noch heute Ihren Traumurlaub in Kuba!","breadcrumb":{"@id":"https:\/\/diamondcuba.com\/cuba-luxury-rentals\/#breadcrumb"},"inLanguage":"de-DE","potentialAction":[{"@type":"ReadAction","target":["https:\/\/diamondcuba.com\/cuba-luxury-rentals\/"]}]},{"@type":"ImageObject","inLanguage":"de-DE","@id":"https:\/\/diamondcuba.com\/cuba-luxury-rentals\/#primaryimage","url":"https:\/\/diamondcuba.com\/wp-content\/uploads\/2023\/11\/4-2.jpg","contentUrl":"https:\/\/diamondcuba.com\/wp-content\/uploads\/2023\/11\/4-2.jpg","width":1920,"height":650,"caption":"services cuba"},{"@type":"BreadcrumbList","@id":"https:\/\/diamondcuba.com\/cuba-luxury-rentals\/#breadcrumb","itemListElement":[{"@type":"ListItem","position":1,"name":"Home","item":"https:\/\/diamondcuba.com\/"},{"@type":"ListItem","position":2,"name":"Cuba Luxury Rentals"}]},{"@type":"WebSite","@id":"https:\/\/diamondcuba.com\/en-us\/#website","url":"https:\/\/diamondcuba.com\/en-us\/","name":"Diamant Kuba","description":"Luxusunterk\u00fcnfte in Kuba und Villenvermietung","publisher":{"@id":"https:\/\/diamondcuba.com\/en-us\/#organization"},"alternateName":"Best Luxury Villa Rentals in Cuba","potentialAction":[{"@type":"SearchAction","target":{"@type":"EntryPoint","urlTemplate":"https:\/\/diamondcuba.com\/en-us\/?s={search_term_string}"},"query-input":{"@type":"PropertyValueSpecification","valueRequired":true,"valueName":"search_term_string"}}],"inLanguage":"de-DE"},{"@type":"Organization","@id":"https:\/\/diamondcuba.com\/en-us\/#organization","name":"Diamond Cuba Luxusvillen in Kuba","alternateName":"Diamond Cuba Luxury Vacation House Rentals in Cuba","url":"https:\/\/diamondcuba.com\/en-us\/","logo":{"@type":"ImageObject","inLanguage":"de-DE","@id":"https:\/\/diamondcuba.com\/en-us\/#\/schema\/logo\/image\/","url":"https:\/\/diamondcuba.com\/wp-content\/uploads\/2023\/11\/diamond-cuba-logo-300x69-1-mobile.png","contentUrl":"https:\/\/diamondcuba.com\/wp-content\/uploads\/2023\/11\/diamond-cuba-logo-300x69-1-mobile.png","width":180,"height":41,"caption":"Diamond Cuba Luxury Villas in Cuba"},"image":{"@id":"https:\/\/diamondcuba.com\/en-us\/#\/schema\/logo\/image\/"}}]}},"_links":{"self":[{"href":"https:\/\/diamondcuba.com\/de-de\/wp-json\/wp\/v2\/pages\/657","targetHints":{"allow":["GET"]}}],"collection":[{"href":"https:\/\/diamondcuba.com\/de-de\/wp-json\/wp\/v2\/pages"}],"about":[{"href":"https:\/\/diamondcuba.com\/de-de\/wp-json\/wp\/v2\/types\/page"}],"author":[{"embeddable":true,"href":"https:\/\/diamondcuba.com\/de-de\/wp-json\/wp\/v2\/users\/1"}],"replies":[{"embeddable":true,"href":"https:\/\/diamondcuba.com\/de-de\/wp-json\/wp\/v2\/comments?post=657"}],"version-history":[{"count":0,"href":"https:\/\/diamondcuba.com\/de-de\/wp-json\/wp\/v2\/pages\/657\/revisions"}],"wp:featuredmedia":[{"embeddable":true,"href":"https:\/\/diamondcuba.com\/de-de\/wp-json\/wp\/v2\/media\/37764"}],"wp:attachment":[{"href":"https:\/\/diamondcuba.com\/de-de\/wp-json\/wp\/v2\/media?parent=657"}],"curies":[{"name":"wp","href":"https:\/\/api.w.org\/{rel}","templated":true}]}}