{"id":254,"date":"2015-04-21T13:28:29","date_gmt":"2015-04-21T13:28:29","guid":{"rendered":"http:\/\/demo1.wprentals.org\/?page_id=254"},"modified":"2023-11-07T02:40:13","modified_gmt":"2023-11-07T02:40:13","slug":"contact","status":"publish","type":"page","link":"https:\/\/diamondcuba.com\/fr-fr\/contact\/","title":{"rendered":"Contact"},"content":{"rendered":"","protected":false},"excerpt":{"rendered":"","protected":false},"author":1,"featured_media":38005,"parent":0,"menu_order":0,"comment_status":"closed","ping_status":"open","template":"contact_page.php","meta":{"_joinchat":[],"footnotes":""},"class_list":["post-254","page","type-page","status-publish","has-post-thumbnail","hentry"],"yoast_head":"<!-- This site is optimized with the Yoast SEO Premium plugin v21.4 (Yoast SEO v27.3) - https:\/\/yoast.com\/product\/yoast-seo-premium-wordpress\/ -->\n<title>Contact Us | Get in Touch for Exceptional Service | Diamond Cuba<\/title>\n<meta name=\"description\" content=\"Reach out to us via our contact page for exceptional service, our team is here to help. Contact us today! | Diamond Cuba\" \/>\n<meta name=\"robots\" content=\"index, follow, max-snippet:-1, max-image-preview:large, max-video-preview:-1\" \/>\n<link rel=\"canonical\" href=\"https:\/\/diamondcuba.com\/fr-fr\/contact\/\" \/>\n<meta property=\"og:locale\" content=\"fr_FR\" \/>\n<meta property=\"og:type\" content=\"article\" \/>\n<meta property=\"og:title\" content=\"Contact\" \/>\n<meta property=\"og:description\" content=\"Reach out to us via our contact page for exceptional service, our team is here to help. Contact us today! | Diamond Cuba\" \/>\n<meta property=\"og:url\" content=\"https:\/\/diamondcuba.com\/fr-fr\/contact\/\" \/>\n<meta property=\"og:site_name\" content=\"Diamond Cuba\" \/>\n<meta property=\"article:modified_time\" content=\"2023-11-07T02:40:13+00:00\" \/>\n<meta property=\"og:image\" content=\"https:\/\/diamondcuba.com\/wp-content\/uploads\/2023\/11\/Cuban-Beaches.jpeg\" \/>\n\t<meta property=\"og:image:width\" content=\"850\" \/>\n\t<meta property=\"og:image:height\" content=\"567\" \/>\n\t<meta property=\"og:image:type\" content=\"image\/jpeg\" \/>\n<meta name=\"twitter:card\" content=\"summary_large_image\" \/>\n<script type=\"application\/ld+json\" class=\"yoast-schema-graph\">{\"@context\":\"https:\\\/\\\/schema.org\",\"@graph\":[{\"@type\":\"WebPage\",\"@id\":\"https:\\\/\\\/diamondcuba.com\\\/contact\\\/\",\"url\":\"https:\\\/\\\/diamondcuba.com\\\/contact\\\/\",\"name\":\"Contact Us | Get in Touch for Exceptional Service | Diamond Cuba\",\"isPartOf\":{\"@id\":\"https:\\\/\\\/diamondcuba.com\\\/en-us\\\/#website\"},\"primaryImageOfPage\":{\"@id\":\"https:\\\/\\\/diamondcuba.com\\\/contact\\\/#primaryimage\"},\"image\":{\"@id\":\"https:\\\/\\\/diamondcuba.com\\\/contact\\\/#primaryimage\"},\"thumbnailUrl\":\"https:\\\/\\\/diamondcuba.com\\\/wp-content\\\/uploads\\\/2023\\\/11\\\/Cuban-Beaches.jpeg\",\"datePublished\":\"2015-04-21T13:28:29+00:00\",\"dateModified\":\"2023-11-07T02:40:13+00:00\",\"description\":\"Reach out to us via our contact page for exceptional service, our team is here to help. Contact us today! | Diamond Cuba\",\"breadcrumb\":{\"@id\":\"https:\\\/\\\/diamondcuba.com\\\/contact\\\/#breadcrumb\"},\"inLanguage\":\"fr-FR\",\"potentialAction\":[{\"@type\":\"ReadAction\",\"target\":[\"https:\\\/\\\/diamondcuba.com\\\/contact\\\/\"]}]},{\"@type\":\"ImageObject\",\"inLanguage\":\"fr-FR\",\"@id\":\"https:\\\/\\\/diamondcuba.com\\\/contact\\\/#primaryimage\",\"url\":\"https:\\\/\\\/diamondcuba.com\\\/wp-content\\\/uploads\\\/2023\\\/11\\\/Cuban-Beaches.jpeg\",\"contentUrl\":\"https:\\\/\\\/diamondcuba.com\\\/wp-content\\\/uploads\\\/2023\\\/11\\\/Cuban-Beaches.jpeg\",\"width\":850,\"height\":567,\"caption\":\"Cuban Beaches\"},{\"@type\":\"BreadcrumbList\",\"@id\":\"https:\\\/\\\/diamondcuba.com\\\/contact\\\/#breadcrumb\",\"itemListElement\":[{\"@type\":\"ListItem\",\"position\":1,\"name\":\"Home\",\"item\":\"https:\\\/\\\/diamondcuba.com\\\/\"},{\"@type\":\"ListItem\",\"position\":2,\"name\":\"Contact\"}]},{\"@type\":\"WebSite\",\"@id\":\"https:\\\/\\\/diamondcuba.com\\\/en-us\\\/#website\",\"url\":\"https:\\\/\\\/diamondcuba.com\\\/en-us\\\/\",\"name\":\"Diamond Cuba\",\"description\":\"Luxury Accommodation in Cuba and Villa Rentals\",\"publisher\":{\"@id\":\"https:\\\/\\\/diamondcuba.com\\\/en-us\\\/#organization\"},\"alternateName\":\"Best Luxury Villa Rentals in Cuba\",\"potentialAction\":[{\"@type\":\"SearchAction\",\"target\":{\"@type\":\"EntryPoint\",\"urlTemplate\":\"https:\\\/\\\/diamondcuba.com\\\/en-us\\\/?s={search_term_string}\"},\"query-input\":{\"@type\":\"PropertyValueSpecification\",\"valueRequired\":true,\"valueName\":\"search_term_string\"}}],\"inLanguage\":\"fr-FR\"},{\"@type\":\"Organization\",\"@id\":\"https:\\\/\\\/diamondcuba.com\\\/en-us\\\/#organization\",\"name\":\"Diamond Cuba Luxury Villas in Cuba\",\"alternateName\":\"Diamond Cuba Luxury Vacation House Rentals in Cuba\",\"url\":\"https:\\\/\\\/diamondcuba.com\\\/en-us\\\/\",\"logo\":{\"@type\":\"ImageObject\",\"inLanguage\":\"fr-FR\",\"@id\":\"https:\\\/\\\/diamondcuba.com\\\/en-us\\\/#\\\/schema\\\/logo\\\/image\\\/\",\"url\":\"https:\\\/\\\/diamondcuba.com\\\/wp-content\\\/uploads\\\/2023\\\/11\\\/diamond-cuba-logo-300x69-1-mobile.png\",\"contentUrl\":\"https:\\\/\\\/diamondcuba.com\\\/wp-content\\\/uploads\\\/2023\\\/11\\\/diamond-cuba-logo-300x69-1-mobile.png\",\"width\":180,\"height\":41,\"caption\":\"Diamond Cuba Luxury Villas in Cuba\"},\"image\":{\"@id\":\"https:\\\/\\\/diamondcuba.com\\\/en-us\\\/#\\\/schema\\\/logo\\\/image\\\/\"}}]}<\/script>\n<!-- \/ Yoast SEO Premium plugin. -->","yoast_head_json":{"title":"Contactez-nous pour un service exceptionnel | Diamond Cuba","description":"Contactez-nous via notre page de contact pour un service exceptionnel, notre \u00e9quipe est l\u00e0 pour vous aider. Contactez nous d\u00e8s aujourd'hui ! | Diamant Cuba","robots":{"index":"index","follow":"follow","max-snippet":"max-snippet:-1","max-image-preview":"max-image-preview:large","max-video-preview":"max-video-preview:-1"},"canonical":"https:\/\/diamondcuba.com\/fr-fr\/contact\/","og_locale":"fr_FR","og_type":"article","og_title":"Contact","og_description":"Reach out to us via our contact page for exceptional service, our team is here to help. Contact us today! | Diamond Cuba","og_url":"https:\/\/diamondcuba.com\/fr-fr\/contact\/","og_site_name":"Diamond Cuba","article_modified_time":"2023-11-07T02:40:13+00:00","og_image":[{"width":850,"height":567,"url":"https:\/\/diamondcuba.com\/wp-content\/uploads\/2023\/11\/Cuban-Beaches.jpeg","type":"image\/jpeg"}],"twitter_card":"summary_large_image","schema":{"@context":"https:\/\/schema.org","@graph":[{"@type":"WebPage","@id":"https:\/\/diamondcuba.com\/contact\/","url":"https:\/\/diamondcuba.com\/contact\/","name":"Contactez-nous pour un service exceptionnel | Diamond Cuba","isPartOf":{"@id":"https:\/\/diamondcuba.com\/en-us\/#website"},"primaryImageOfPage":{"@id":"https:\/\/diamondcuba.com\/contact\/#primaryimage"},"image":{"@id":"https:\/\/diamondcuba.com\/contact\/#primaryimage"},"thumbnailUrl":"https:\/\/diamondcuba.com\/wp-content\/uploads\/2023\/11\/Cuban-Beaches.jpeg","datePublished":"2015-04-21T13:28:29+00:00","dateModified":"2023-11-07T02:40:13+00:00","description":"Contactez-nous via notre page de contact pour un service exceptionnel, notre \u00e9quipe est l\u00e0 pour vous aider. Contactez nous d\u00e8s aujourd'hui ! | Diamant Cuba","breadcrumb":{"@id":"https:\/\/diamondcuba.com\/contact\/#breadcrumb"},"inLanguage":"fr-FR","potentialAction":[{"@type":"ReadAction","target":["https:\/\/diamondcuba.com\/contact\/"]}]},{"@type":"ImageObject","inLanguage":"fr-FR","@id":"https:\/\/diamondcuba.com\/contact\/#primaryimage","url":"https:\/\/diamondcuba.com\/wp-content\/uploads\/2023\/11\/Cuban-Beaches.jpeg","contentUrl":"https:\/\/diamondcuba.com\/wp-content\/uploads\/2023\/11\/Cuban-Beaches.jpeg","width":850,"height":567,"caption":"Cuban Beaches"},{"@type":"BreadcrumbList","@id":"https:\/\/diamondcuba.com\/contact\/#breadcrumb","itemListElement":[{"@type":"ListItem","position":1,"name":"Home","item":"https:\/\/diamondcuba.com\/"},{"@type":"ListItem","position":2,"name":"Contact"}]},{"@type":"WebSite","@id":"https:\/\/diamondcuba.com\/en-us\/#website","url":"https:\/\/diamondcuba.com\/en-us\/","name":"Diamant Cuba","description":"H\u00e9bergement de luxe \u00e0 Cuba et location de villas","publisher":{"@id":"https:\/\/diamondcuba.com\/en-us\/#organization"},"alternateName":"Best Luxury Villa Rentals in Cuba","potentialAction":[{"@type":"SearchAction","target":{"@type":"EntryPoint","urlTemplate":"https:\/\/diamondcuba.com\/en-us\/?s={search_term_string}"},"query-input":{"@type":"PropertyValueSpecification","valueRequired":true,"valueName":"search_term_string"}}],"inLanguage":"fr-FR"},{"@type":"Organization","@id":"https:\/\/diamondcuba.com\/en-us\/#organization","name":"Diamond Cuba Villas de luxe \u00e0 Cuba","alternateName":"Diamond Cuba Luxury Vacation House Rentals in Cuba","url":"https:\/\/diamondcuba.com\/en-us\/","logo":{"@type":"ImageObject","inLanguage":"fr-FR","@id":"https:\/\/diamondcuba.com\/en-us\/#\/schema\/logo\/image\/","url":"https:\/\/diamondcuba.com\/wp-content\/uploads\/2023\/11\/diamond-cuba-logo-300x69-1-mobile.png","contentUrl":"https:\/\/diamondcuba.com\/wp-content\/uploads\/2023\/11\/diamond-cuba-logo-300x69-1-mobile.png","width":180,"height":41,"caption":"Diamond Cuba Luxury Villas in Cuba"},"image":{"@id":"https:\/\/diamondcuba.com\/en-us\/#\/schema\/logo\/image\/"}}]}},"_links":{"self":[{"href":"https:\/\/diamondcuba.com\/fr-fr\/wp-json\/wp\/v2\/pages\/254","targetHints":{"allow":["GET"]}}],"collection":[{"href":"https:\/\/diamondcuba.com\/fr-fr\/wp-json\/wp\/v2\/pages"}],"about":[{"href":"https:\/\/diamondcuba.com\/fr-fr\/wp-json\/wp\/v2\/types\/page"}],"author":[{"embeddable":true,"href":"https:\/\/diamondcuba.com\/fr-fr\/wp-json\/wp\/v2\/users\/1"}],"replies":[{"embeddable":true,"href":"https:\/\/diamondcuba.com\/fr-fr\/wp-json\/wp\/v2\/comments?post=254"}],"version-history":[{"count":0,"href":"https:\/\/diamondcuba.com\/fr-fr\/wp-json\/wp\/v2\/pages\/254\/revisions"}],"wp:featuredmedia":[{"embeddable":true,"href":"https:\/\/diamondcuba.com\/fr-fr\/wp-json\/wp\/v2\/media\/38005"}],"wp:attachment":[{"href":"https:\/\/diamondcuba.com\/fr-fr\/wp-json\/wp\/v2\/media?parent=254"}],"curies":[{"name":"wp","href":"https:\/\/api.w.org\/{rel}","templated":true}]}}