{"id":356,"date":"2015-04-23T12:57:21","date_gmt":"2015-04-23T12:57:21","guid":{"rendered":"http:\/\/demo1.wprentals.org\/?page_id=356"},"modified":"2023-11-07T01:59:29","modified_gmt":"2023-11-07T01:59:29","slug":"terms-and-conditions","status":"publish","type":"page","link":"https:\/\/diamondcuba.com\/fr-fr\/conditions-generales\/","title":{"rendered":"Conditions g\u00e9n\u00e9rales d'utilisation"},"content":{"rendered":"<p>La pr\u00e9sente politique de confidentialit\u00e9 r\u00e9git la mani\u00e8re dont Real Estate WordPress Theme recueille, utilise, conserve et divulgue les informations collect\u00e9es aupr\u00e8s des utilisateurs (chacun \u00e9tant un \"utilisateur\") du site web http:\/\/wprentals.org\/ (\"site\"). Cette politique de confidentialit\u00e9 s'applique au site et \u00e0 tous les produits et services offerts par Real Estate WordPress Theme.<\/p>\n<p><b>Informations d'identification personnelle<\/b><\/p>\n<p>Nous pouvons collecter des informations d'identification personnelle aupr\u00e8s des utilisateurs de diff\u00e9rentes mani\u00e8res en relation avec les activit\u00e9s, les services, les caract\u00e9ristiques ou les ressources que nous mettons \u00e0 disposition sur notre site. Les utilisateurs peuvent visiter notre site de mani\u00e8re anonyme. Nous ne recueillons des informations d'identification personnelle aupr\u00e8s des utilisateurs que s'ils nous les soumettent volontairement. Les utilisateurs peuvent toujours refuser de fournir des informations d'identification personnelle, sauf que cela peut les emp\u00eacher de participer \u00e0 certaines activit\u00e9s li\u00e9es au site.<\/p>\n<p><b>Informations d'identification non personnelles<\/b><\/p>\n<p>Nous pouvons recueillir des informations d'identification non personnelles sur les utilisateurs lorsqu'ils interagissent avec notre site. Les informations d'identification non personnelles peuvent inclure le nom du navigateur, le type d'ordinateur et des informations techniques sur les moyens de connexion des utilisateurs \u00e0 notre site, tels que le syst\u00e8me d'exploitation et les fournisseurs d'acc\u00e8s \u00e0 Internet utilis\u00e9s, ainsi que d'autres informations similaires.<\/p>\n<p><b>Cookies de navigateur web<\/b><\/p>\n<p>Notre site peut utiliser des \"cookies\" pour am\u00e9liorer l'exp\u00e9rience de l'utilisateur. Le navigateur web de l'utilisateur place des cookies sur son disque dur \u00e0 des fins d'archivage et parfois pour suivre les informations le concernant. L'utilisateur peut choisir de configurer son navigateur web pour qu'il refuse les cookies ou pour qu'il l'avertisse lorsque des cookies sont envoy\u00e9s. Dans ce cas, certaines parties du site risquent de ne pas fonctionner correctement.<\/p>\n<p><b>Comment nous prot\u00e9geons vos informations<\/b><\/p>\n<p>Nous adoptons des pratiques appropri\u00e9es de collecte, de stockage et de traitement des donn\u00e9es ainsi que des mesures de s\u00e9curit\u00e9 pour prot\u00e9ger contre l'acc\u00e8s non autoris\u00e9, l'alt\u00e9ration, la divulgation ou la destruction de vos informations personnelles, de votre nom d'utilisateur, de votre mot de passe, des informations relatives \u00e0 vos transactions et des donn\u00e9es stock\u00e9es sur notre site.<\/p>\n<p><b>Partage de vos informations personnelles<\/b><\/p>\n<p>Nous ne vendons pas, n'\u00e9changeons pas et ne louons pas les informations d'identification personnelle des utilisateurs \u00e0 des tiers. Nous pouvons partager des informations d\u00e9mographiques g\u00e9n\u00e9riques agr\u00e9g\u00e9es non li\u00e9es \u00e0 des informations d'identification personnelle concernant les visiteurs et les utilisateurs avec nos partenaires commerciaux, nos affili\u00e9s de confiance et nos annonceurs aux fins d\u00e9crites ci-dessus.<\/p>\n<p><b>Modifications de la pr\u00e9sente politique de confidentialit\u00e9<\/b><\/p>\n<p>Real Estate WordPress Theme a le pouvoir discr\u00e9tionnaire de mettre \u00e0 jour cette politique de confidentialit\u00e9 \u00e0 tout moment. Lorsque nous le ferons, nous r\u00e9viserons la date de mise \u00e0 jour au bas de cette page. Nous encourageons les utilisateurs \u00e0 v\u00e9rifier fr\u00e9quemment cette page pour tout changement afin de rester inform\u00e9s sur la fa\u00e7on dont nous aidons \u00e0 prot\u00e9ger les informations personnelles que nous recueillons. Vous reconnaissez et acceptez qu'il est de votre responsabilit\u00e9 de consulter r\u00e9guli\u00e8rement cette politique de confidentialit\u00e9 et de prendre connaissance des modifications.<\/p>\n<p><b>Votre acceptation de ces conditions<\/b><\/p>\n<p>En utilisant ce site, vous signifiez votre acceptation de cette politique. Si vous n'acceptez pas cette politique, veuillez ne pas utiliser notre site. Si vous continuez \u00e0 utiliser le site apr\u00e8s la publication de modifications de la pr\u00e9sente politique, vous serez r\u00e9put\u00e9 avoir accept\u00e9 ces modifications.<\/p>","protected":false},"excerpt":{"rendered":"<p>This Privacy Policy governs the manner in which Real Estate WordPress Theme collects, uses, maintains and discloses information collected from users (each, a \u201cUser\u201d) of the\u00a0http:\/\/wprentals.org\/\u00a0website (\u201cSite\u201d). This privacy policy applies to the Site and all products and services offered by Real Estate WordPress Theme. Personal identification information We may collect personal identification information from &#8230;<\/p>","protected":false},"author":1,"featured_media":0,"parent":0,"menu_order":0,"comment_status":"closed","ping_status":"closed","template":"terms_conditions.php","meta":{"_joinchat":[],"footnotes":""},"class_list":["post-356","page","type-page","status-publish","hentry"],"yoast_head":"<!-- This site is optimized with the Yoast SEO Premium plugin v21.4 (Yoast SEO v27.3) - https:\/\/yoast.com\/product\/yoast-seo-premium-wordpress\/ -->\n<title>Terms and Conditions | Diamond Cuba<\/title>\n<meta name=\"robots\" content=\"noindex, follow\" \/>\n<meta property=\"og:locale\" content=\"fr_FR\" \/>\n<meta property=\"og:type\" content=\"article\" \/>\n<meta property=\"og:title\" content=\"Terms and Conditions\" \/>\n<meta property=\"og:description\" content=\"This Privacy Policy governs the manner in which Real Estate WordPress Theme collects, uses, maintains and discloses information collected from users (each, a \u201cUser\u201d) of the\u00a0http:\/\/wprentals.org\/\u00a0website (\u201cSite\u201d). This privacy policy applies to the Site and all products and services offered by Real Estate WordPress Theme. Personal identification information We may collect personal identification information from ...\" \/>\n<meta property=\"og:url\" content=\"https:\/\/diamondcuba.com\/fr-fr\/conditions-generales\/\" \/>\n<meta property=\"og:site_name\" content=\"Diamond Cuba\" \/>\n<meta property=\"article:modified_time\" content=\"2023-11-07T01:59:29+00:00\" \/>\n<meta property=\"og:image\" content=\"https:\/\/diamondcuba.com\/wp-content\/uploads\/2023\/11\/b9a01303-3ca9-4405-b2d9-1ea1f4279ab9.webp\" \/>\n\t<meta property=\"og:image:width\" content=\"1200\" \/>\n\t<meta property=\"og:image:height\" content=\"800\" \/>\n\t<meta property=\"og:image:type\" content=\"image\/webp\" \/>\n<meta name=\"twitter:card\" content=\"summary_large_image\" \/>\n<meta name=\"twitter:label1\" content=\"Est. reading time\" \/>\n\t<meta name=\"twitter:data1\" content=\"3 minutes\" \/>\n<script type=\"application\/ld+json\" class=\"yoast-schema-graph\">{\"@context\":\"https:\\\/\\\/schema.org\",\"@graph\":[{\"@type\":\"WebPage\",\"@id\":\"https:\\\/\\\/diamondcuba.com\\\/terms-and-conditions\\\/\",\"url\":\"https:\\\/\\\/diamondcuba.com\\\/terms-and-conditions\\\/\",\"name\":\"Terms and Conditions | Diamond Cuba\",\"isPartOf\":{\"@id\":\"https:\\\/\\\/diamondcuba.com\\\/en-us\\\/#website\"},\"datePublished\":\"2015-04-23T12:57:21+00:00\",\"dateModified\":\"2023-11-07T01:59:29+00:00\",\"breadcrumb\":{\"@id\":\"https:\\\/\\\/diamondcuba.com\\\/terms-and-conditions\\\/#breadcrumb\"},\"inLanguage\":\"fr-FR\",\"potentialAction\":[{\"@type\":\"ReadAction\",\"target\":[\"https:\\\/\\\/diamondcuba.com\\\/terms-and-conditions\\\/\"]}]},{\"@type\":\"BreadcrumbList\",\"@id\":\"https:\\\/\\\/diamondcuba.com\\\/terms-and-conditions\\\/#breadcrumb\",\"itemListElement\":[{\"@type\":\"ListItem\",\"position\":1,\"name\":\"Home\",\"item\":\"https:\\\/\\\/diamondcuba.com\\\/\"},{\"@type\":\"ListItem\",\"position\":2,\"name\":\"Terms and Conditions\"}]},{\"@type\":\"WebSite\",\"@id\":\"https:\\\/\\\/diamondcuba.com\\\/en-us\\\/#website\",\"url\":\"https:\\\/\\\/diamondcuba.com\\\/en-us\\\/\",\"name\":\"Diamond Cuba\",\"description\":\"Luxury Accommodation in Cuba and Villa Rentals\",\"publisher\":{\"@id\":\"https:\\\/\\\/diamondcuba.com\\\/en-us\\\/#organization\"},\"alternateName\":\"Best Luxury Villa Rentals in Cuba\",\"potentialAction\":[{\"@type\":\"SearchAction\",\"target\":{\"@type\":\"EntryPoint\",\"urlTemplate\":\"https:\\\/\\\/diamondcuba.com\\\/en-us\\\/?s={search_term_string}\"},\"query-input\":{\"@type\":\"PropertyValueSpecification\",\"valueRequired\":true,\"valueName\":\"search_term_string\"}}],\"inLanguage\":\"fr-FR\"},{\"@type\":\"Organization\",\"@id\":\"https:\\\/\\\/diamondcuba.com\\\/en-us\\\/#organization\",\"name\":\"Diamond Cuba Luxury Villas in Cuba\",\"alternateName\":\"Diamond Cuba Luxury Vacation House Rentals in Cuba\",\"url\":\"https:\\\/\\\/diamondcuba.com\\\/en-us\\\/\",\"logo\":{\"@type\":\"ImageObject\",\"inLanguage\":\"fr-FR\",\"@id\":\"https:\\\/\\\/diamondcuba.com\\\/en-us\\\/#\\\/schema\\\/logo\\\/image\\\/\",\"url\":\"https:\\\/\\\/diamondcuba.com\\\/wp-content\\\/uploads\\\/2023\\\/11\\\/diamond-cuba-logo-300x69-1-mobile.png\",\"contentUrl\":\"https:\\\/\\\/diamondcuba.com\\\/wp-content\\\/uploads\\\/2023\\\/11\\\/diamond-cuba-logo-300x69-1-mobile.png\",\"width\":180,\"height\":41,\"caption\":\"Diamond Cuba Luxury Villas in Cuba\"},\"image\":{\"@id\":\"https:\\\/\\\/diamondcuba.com\\\/en-us\\\/#\\\/schema\\\/logo\\\/image\\\/\"}}]}<\/script>\n<!-- \/ Yoast SEO Premium plugin. -->","yoast_head_json":{"title":"Conditions g\u00e9n\u00e9rales d'utilisation - Diamond Cuba","robots":{"index":"noindex","follow":"follow"},"og_locale":"fr_FR","og_type":"article","og_title":"Terms and Conditions","og_description":"This Privacy Policy governs the manner in which Real Estate WordPress Theme collects, uses, maintains and discloses information collected from users (each, a \u201cUser\u201d) of the\u00a0http:\/\/wprentals.org\/\u00a0website (\u201cSite\u201d). This privacy policy applies to the Site and all products and services offered by Real Estate WordPress Theme. Personal identification information We may collect personal identification information from ...","og_url":"https:\/\/diamondcuba.com\/fr-fr\/conditions-generales\/","og_site_name":"Diamond Cuba","article_modified_time":"2023-11-07T01:59:29+00:00","og_image":[{"width":1200,"height":800,"url":"https:\/\/diamondcuba.com\/wp-content\/uploads\/2023\/11\/b9a01303-3ca9-4405-b2d9-1ea1f4279ab9.webp","type":"image\/webp"}],"twitter_card":"summary_large_image","twitter_misc":{"Est. reading time":"3 minutes"},"schema":{"@context":"https:\/\/schema.org","@graph":[{"@type":"WebPage","@id":"https:\/\/diamondcuba.com\/terms-and-conditions\/","url":"https:\/\/diamondcuba.com\/terms-and-conditions\/","name":"Conditions g\u00e9n\u00e9rales d'utilisation - Diamond Cuba","isPartOf":{"@id":"https:\/\/diamondcuba.com\/en-us\/#website"},"datePublished":"2015-04-23T12:57:21+00:00","dateModified":"2023-11-07T01:59:29+00:00","breadcrumb":{"@id":"https:\/\/diamondcuba.com\/terms-and-conditions\/#breadcrumb"},"inLanguage":"fr-FR","potentialAction":[{"@type":"ReadAction","target":["https:\/\/diamondcuba.com\/terms-and-conditions\/"]}]},{"@type":"BreadcrumbList","@id":"https:\/\/diamondcuba.com\/terms-and-conditions\/#breadcrumb","itemListElement":[{"@type":"ListItem","position":1,"name":"Home","item":"https:\/\/diamondcuba.com\/"},{"@type":"ListItem","position":2,"name":"Terms and Conditions"}]},{"@type":"WebSite","@id":"https:\/\/diamondcuba.com\/en-us\/#website","url":"https:\/\/diamondcuba.com\/en-us\/","name":"Diamant Cuba","description":"H\u00e9bergement de luxe \u00e0 Cuba et location de villas","publisher":{"@id":"https:\/\/diamondcuba.com\/en-us\/#organization"},"alternateName":"Best Luxury Villa Rentals in Cuba","potentialAction":[{"@type":"SearchAction","target":{"@type":"EntryPoint","urlTemplate":"https:\/\/diamondcuba.com\/en-us\/?s={search_term_string}"},"query-input":{"@type":"PropertyValueSpecification","valueRequired":true,"valueName":"search_term_string"}}],"inLanguage":"fr-FR"},{"@type":"Organization","@id":"https:\/\/diamondcuba.com\/en-us\/#organization","name":"Diamond Cuba Villas de luxe \u00e0 Cuba","alternateName":"Diamond Cuba Luxury Vacation House Rentals in Cuba","url":"https:\/\/diamondcuba.com\/en-us\/","logo":{"@type":"ImageObject","inLanguage":"fr-FR","@id":"https:\/\/diamondcuba.com\/en-us\/#\/schema\/logo\/image\/","url":"https:\/\/diamondcuba.com\/wp-content\/uploads\/2023\/11\/diamond-cuba-logo-300x69-1-mobile.png","contentUrl":"https:\/\/diamondcuba.com\/wp-content\/uploads\/2023\/11\/diamond-cuba-logo-300x69-1-mobile.png","width":180,"height":41,"caption":"Diamond Cuba Luxury Villas in Cuba"},"image":{"@id":"https:\/\/diamondcuba.com\/en-us\/#\/schema\/logo\/image\/"}}]}},"_links":{"self":[{"href":"https:\/\/diamondcuba.com\/fr-fr\/wp-json\/wp\/v2\/pages\/356","targetHints":{"allow":["GET"]}}],"collection":[{"href":"https:\/\/diamondcuba.com\/fr-fr\/wp-json\/wp\/v2\/pages"}],"about":[{"href":"https:\/\/diamondcuba.com\/fr-fr\/wp-json\/wp\/v2\/types\/page"}],"author":[{"embeddable":true,"href":"https:\/\/diamondcuba.com\/fr-fr\/wp-json\/wp\/v2\/users\/1"}],"replies":[{"embeddable":true,"href":"https:\/\/diamondcuba.com\/fr-fr\/wp-json\/wp\/v2\/comments?post=356"}],"version-history":[{"count":0,"href":"https:\/\/diamondcuba.com\/fr-fr\/wp-json\/wp\/v2\/pages\/356\/revisions"}],"wp:attachment":[{"href":"https:\/\/diamondcuba.com\/fr-fr\/wp-json\/wp\/v2\/media?parent=356"}],"curies":[{"name":"wp","href":"https:\/\/api.w.org\/{rel}","templated":true}]}}